{"id":1707,"date":"2020-04-11T23:25:11","date_gmt":"2020-04-11T23:25:11","guid":{"rendered":"https:\/\/jeremy-ayers-work.colibriwp.com\/my-awesome-site-5\/trade-vin777-kham-pha-the-gioi-giai-tri-truc-tuyen-hang-dau-11-2025\/"},"modified":"2020-04-11T23:25:11","modified_gmt":"2020-04-11T23:25:11","slug":"trade-vin777-kham-pha-the-gioi-giai-tri-truc-tuyen-hang-dau-11-2025","status":"publish","type":"page","link":"https:\/\/jeremy-ayers-work.colibriwp.com\/my-awesome-site-5\/trade-vin777-kham-pha-the-gioi-giai-tri-truc-tuyen-hang-dau-11-2025\/","title":{"rendered":"Trade | Vin777 Kh\u00e1m Ph\u00e1 Th\u1ebf Gi\u1edbi Gi\u1ea3i Tr\u00ed Tr\u1ef1c Tuy\u1ebfn H\u00e0ng \u0110\u1ea7u | 11-2025"},"content":{"rendered":"<p><a href=\"https:\/\/vin777-vn.com\/\">Vin777<\/a> \u0111ang n\u1ed5i l\u00ean nh\u01b0 m\u1ed9t hi\u1ec7n t\u01b0\u1ee3ng trong l\u00e0ng gi\u1ea3i tr\u00ed tr\u1ef1c tuy\u1ebfn t\u1ea1i Vi\u1ec7t Nam.  V\u1edbi giao di\u1ec7n hi\u1ec7n \u0111\u1ea1i, kho tr\u00f2 ch\u01a1i \u0111a d\u1ea1ng v\u00e0 nh\u1eefng \u01b0u \u0111\u00e3i h\u1ea5p d\u1eabn, Vin777 thu h\u00fat h\u00e0ng tri\u1ec7u ng\u01b0\u1eddi ch\u01a1i m\u1ed7i ng\u00e0y. B\u00e0i vi\u1ebft n\u00e0y s\u1ebd \u0111i s\u00e2u ph\u00e2n t\u00edch nh\u1eefng y\u1ebfu t\u1ed1 t\u1ea1o n\u00ean s\u1ee9c h\u00fat c\u1ee7a Vin777, t\u1eeb ch\u1ea5t l\u01b0\u1ee3ng tr\u00f2 ch\u01a1i \u0111\u1ebfn tr\u1ea3i nghi\u1ec7m ng\u01b0\u1eddi d\u00f9ng, \u0111\u1ed3ng th\u1eddi c\u0169ng s\u1ebd \u0111\u1ec1 c\u1eadp \u0111\u1ebfn nh\u1eefng kh\u00eda c\u1ea1nh c\u1ea7n \u0111\u01b0\u1ee3c c\u1ea3i thi\u1ec7n \u0111\u1ec3 Vin777 ng\u00e0y c\u00e0ng ho\u00e0n thi\u1ec7n h\u01a1n n\u1eefa.  H\u00e3y c\u00f9ng kh\u00e1m ph\u00e1 nh\u1eefng \u0111i\u1ec1u th\u00fa v\u1ecb m\u00e0 Vin777 mang l\u1ea1i!<\/p>\n<h2>  Tr\u1ea3i Nghi\u1ec7m Ng\u01b0\u1eddi D\u00f9ng &#8211;  Linh H\u1ed3n C\u1ee7a Vin777<\/h2>\n<div class=\"postImages\"><img decoding=\"async\" alt=\"Vin777 Kh\u00e1m Ph\u00e1 Th\u1ebf Gi\u1edbi Gi\u1ea3i Tr\u00ed Tr\u1ef1c Tuy\u1ebfn H\u00e0ng \u0110\u1ea7u\" src=\"https:\/\/live.staticflickr.com\/65535\/53193789368_f41038b735_z.jpg\" style=\"max-width: 100%; height: auto; margin:10px auto; display:block\"\/><\/div>\n<p>Tr\u01b0\u1edbc khi \u0111i s\u00e2u v\u00e0o c\u00e1c t\u00ednh n\u0103ng c\u1ee5 th\u1ec3, ta c\u1ea7n nh\u00ecn nh\u1eadn Vin777 qua l\u0103ng k\u00ednh tr\u1ea3i nghi\u1ec7m ng\u01b0\u1eddi d\u00f9ng.  M\u1ed9t n\u1ec1n t\u1ea3ng gi\u1ea3i tr\u00ed tr\u1ef1c tuy\u1ebfn th\u00e0nh c\u00f4ng kh\u00f4ng ch\u1ec9 d\u1ef1a tr\u00ean ch\u1ea5t l\u01b0\u1ee3ng game m\u00e0 c\u00f2n \u1edf s\u1ef1 m\u01b0\u1ee3t m\u00e0, ti\u1ec7n l\u1ee3i v\u00e0 th\u00e2n thi\u1ec7n m\u00e0 n\u00f3 mang l\u1ea1i cho ng\u01b0\u1eddi ch\u01a1i.  \u0110i\u1ec1u n\u00e0y quy\u1ebft \u0111\u1ecbnh s\u1ef1 h\u00e0i l\u00f2ng v\u00e0 l\u00f2ng trung th\u00e0nh c\u1ee7a ng\u01b0\u1eddi d\u00f9ng v\u1edbi n\u1ec1n t\u1ea3ng.<\/p>\n<h3> Giao Di\u1ec7n v\u00e0 Thi\u1ebft K\u1ebf<\/h3>\n<p>Giao di\u1ec7n c\u1ee7a Vin777 \u0111\u01b0\u1ee3c thi\u1ebft k\u1ebf kh\u00e1 hi\u1ec7n \u0111\u1ea1i v\u00e0 b\u1eaft m\u1eaft. M\u00e0u s\u1eafc h\u00e0i h\u00f2a, b\u1ed1 c\u1ee5c r\u00f5 r\u00e0ng gi\u00fap ng\u01b0\u1eddi d\u00f9ng d\u1ec5 d\u00e0ng t\u00ecm ki\u1ebfm v\u00e0 thao t\u00e1c.  Tuy nhi\u00ean, v\u1eabn c\u00f2n m\u1ed9t s\u1ed1 \u0111i\u1ec3m c\u1ea7n c\u1ea3i thi\u1ec7n, v\u00ed d\u1ee5 nh\u01b0 vi\u1ec7c s\u1eafp x\u1ebfp c\u00e1c m\u1ee5c trong menu c\u00f3 th\u1ec3 \u0111\u01b0\u1ee3c t\u1ed1i \u01b0u h\u00f3a h\u01a1n n\u1eefa \u0111\u1ec3 ng\u01b0\u1eddi d\u00f9ng t\u00ecm th\u1ea5y nh\u1eefng g\u00ec h\u1ecd c\u1ea7n m\u1ed9t c\u00e1ch nhanh ch\u00f3ng h\u01a1n.  S\u1ef1 \u0111\u01a1n gi\u1ea3n, tr\u1ef1c quan, v\u00e0 ti\u1ec7n nghi lu\u00f4n l\u00e0 y\u1ebfu t\u1ed1 quan tr\u1ecdng b\u1eadc nh\u1ea5t, \u0111\u1eb7c bi\u1ec7t l\u00e0 \u0111\u1ed1i v\u1edbi nh\u1eefng ng\u01b0\u1eddi d\u00f9ng kh\u00f4ng qu\u00e1 quen thu\u1ed9c v\u1edbi c\u00f4ng ngh\u1ec7. Vi\u1ec7c t\u1ed1i \u01b0u tr\u1ea3i nghi\u1ec7m n\u00e0y s\u1ebd g\u00f3p ph\u1ea7n t\u1ea1o n\u00ean s\u1ef1 kh\u00e1c bi\u1ec7t, thu h\u00fat th\u00eam nhi\u1ec1u ng\u01b0\u1eddi ch\u01a1i m\u1edbi, v\u00e0 gi\u1eef ch\u00e2n kh\u00e1ch h\u00e0ng l\u00e2u d\u00e0i. Th\u00eam v\u00e0o \u0111\u00f3, kh\u1ea3 n\u0103ng t\u01b0\u01a1ng th\u00edch tr\u00ean nhi\u1ec1u thi\u1ebft b\u1ecb (\u0111i\u1ec7n tho\u1ea1i, m\u00e1y t\u00ednh b\u1ea3ng, m\u00e1y t\u00ednh \u0111\u1ec3 b\u00e0n) c\u0169ng l\u00e0 m\u1ed9t \u0111i\u1ec3m c\u1ea7n ch\u00fa tr\u1ecdng.  M\u1ed9t h\u1ec7 th\u1ed1ng responsive t\u1ed1t s\u1ebd \u0111\u1ea3m b\u1ea3o tr\u1ea3i nghi\u1ec7m m\u01b0\u1ee3t m\u00e0 cho ng\u01b0\u1eddi d\u00f9ng \u1edf m\u1ecdi n\u01a1i, m\u1ecdi l\u00fac.<\/p>\n<h3> D\u1ecbch V\u1ee5 Kh\u00e1ch H\u00e0ng<\/h3>\n<p>D\u1ecbch v\u1ee5 kh\u00e1ch h\u00e0ng l\u00e0 m\u1ed9t ph\u1ea7n kh\u00f4ng th\u1ec3 thi\u1ebfu \u0111\u1ed1i v\u1edbi m\u1ed9t n\u1ec1n t\u1ea3ng gi\u1ea3i tr\u00ed tr\u1ef1c tuy\u1ebfn l\u1edbn nh\u01b0 Vin777.  S\u1ef1 ph\u1ea3n h\u1ed3i nhanh ch\u00f3ng v\u00e0 hi\u1ec7u qu\u1ea3 gi\u1ea3i quy\u1ebft v\u1ea5n \u0111\u1ec1 c\u1ee7a \u0111\u1ed9i ng\u0169 h\u1ed7 tr\u1ee3 s\u1ebd t\u1ea1o n\u00ean l\u00f2ng tin v\u00e0 s\u1ef1 h\u00e0i l\u00f2ng cho ng\u01b0\u1eddi ch\u01a1i.  Tuy nhi\u00ean, t\u1ed1c \u0111\u1ed9 ph\u1ea3n h\u1ed3i v\u00e0 ch\u1ea5t l\u01b0\u1ee3ng h\u1ed7 tr\u1ee3 \u1edf Vin777 hi\u1ec7n nay c\u00f2n ch\u01b0a \u0111\u01b0\u1ee3c \u0111\u00e1nh gi\u00e1 cao.  Vi\u1ec7c t\u0103ng c\u01b0\u1eddng \u0111\u1ed9i ng\u0169 h\u1ed7 tr\u1ee3, \u0111\u00e0o t\u1ea1o k\u1ef9 n\u0103ng chuy\u00ean nghi\u1ec7p cho nh\u00e2n vi\u00ean, v\u00e0 \u0111a d\u1ea1ng h\u00f3a c\u00e1c k\u00eanh h\u1ed7 tr\u1ee3 (chat tr\u1ef1c tuy\u1ebfn, email, \u0111i\u1ec7n tho\u1ea1i) s\u1ebd l\u00e0 nh\u1eefng b\u01b0\u1edbc \u0111i quan tr\u1ecdng \u0111\u1ec3 n\u00e2ng cao ch\u1ea5t l\u01b0\u1ee3ng d\u1ecbch v\u1ee5 kh\u00e1ch h\u00e0ng.  M\u1ed9t \u0111i\u1ec3m c\u1ea7n \u0111\u1eb7c bi\u1ec7t l\u01b0u t\u00e2m l\u00e0 vi\u1ec7c cung c\u1ea5p h\u1ed7 tr\u1ee3 \u0111a ng\u00f4n ng\u1eef, gi\u00fap Vin777 ti\u1ebfp c\u1eadn \u0111\u01b0\u1ee3c nhi\u1ec1u \u0111\u1ed1i t\u01b0\u1ee3ng kh\u00e1ch h\u00e0ng h\u01a1n n\u1eefa. \u0110\u00e2y s\u1ebd l\u00e0 b\u01b0\u1edbc ti\u1ebfn quan tr\u1ecdng \u0111\u1ec3 Vin777 m\u1edf r\u1ed9ng th\u1ecb tr\u01b0\u1eddng v\u00e0 kh\u1eb3ng \u0111\u1ecbnh v\u1ecb th\u1ebf c\u1ee7a m\u00ecnh.<\/p>\n<h3> T\u00ednh B\u1ea3o M\u1eadt v\u00e0 An To\u00e0n<\/h3>\n<p>T\u00ednh b\u1ea3o m\u1eadt v\u00e0 an to\u00e0n th\u00f4ng tin c\u00e1 nh\u00e2n l\u00e0 y\u1ebfu t\u1ed1 quy\u1ebft \u0111\u1ecbnh s\u1ef1 th\u00e0nh c\u00f4ng c\u1ee7a b\u1ea5t k\u1ef3 n\u1ec1n t\u1ea3ng tr\u1ef1c tuy\u1ebfn n\u00e0o,  Vin777 c\u0169ng kh\u00f4ng ngo\u1ea1i l\u1ec7.  S\u1ef1 b\u1ea3o m\u1eadt nghi\u00eam ng\u1eb7t v\u1ec1 th\u00f4ng tin t\u00e0i kho\u1ea3n, giao d\u1ecbch t\u00e0i ch\u00ednh s\u1ebd gi\u00fap ng\u01b0\u1eddi ch\u01a1i y\u00ean t\u00e2m h\u01a1n khi tr\u1ea3i nghi\u1ec7m.  Vi\u1ec7c Vin777 \u0111\u1ea7u t\u01b0 v\u00e0o h\u1ec7 th\u1ed1ng b\u1ea3o m\u1eadt hi\u1ec7n \u0111\u1ea1i, s\u1eed d\u1ee5ng c\u00f4ng ngh\u1ec7 m\u00e3 h\u00f3a ti\u00ean ti\u1ebfn l\u00e0 \u0111i\u1ec1u c\u1ea7n thi\u1ebft \u0111\u1ec3 b\u1ea3o v\u1ec7 th\u00f4ng tin ng\u01b0\u1eddi d\u00f9ng kh\u1ecfi s\u1ef1 t\u1ea5n c\u00f4ng c\u1ee7a tin t\u1eb7c.  Ngo\u00e0i ra, Vin777 c\u1ea7n th\u01b0\u1eddng xuy\u00ean c\u1eadp nh\u1eadt v\u00e0 n\u00e2ng c\u1ea5p h\u1ec7 th\u1ed1ng b\u1ea3o m\u1eadt \u0111\u1ec3 th\u00edch \u1ee9ng v\u1edbi nh\u1eefng m\u1ed1i \u0111e d\u1ecda an ninh m\u1ea1ng ng\u00e0y c\u00e0ng ph\u1ee9c t\u1ea1p.  S\u1ef1 minh b\u1ea1ch trong ch\u00ednh s\u00e1ch b\u1ea3o m\u1eadt v\u00e0 vi\u1ec7c c\u00f4ng khai th\u00f4ng tin v\u1ec1 c\u00e1c bi\u1ec7n ph\u00e1p b\u1ea3o m\u1eadt m\u00e0 Vin777 \u0111ang \u00e1p d\u1ee5ng c\u0169ng l\u00e0 m\u1ed9t \u0111i\u1ec3m c\u1ed9ng l\u1edbn \u0111\u1ed1i v\u1edbi ng\u01b0\u1eddi d\u00f9ng.<\/p>\n<h2> Kho Tr\u00f2 Ch\u01a1i \u0110a D\u1ea1ng &#8211;  M\u1ee9c \u0110\u1ed9 Thu H\u00fat C\u1ee7a Vin777<\/h2>\n<div class=\"postImages\"><img decoding=\"async\" alt=\"Vin777 Kh\u00e1m Ph\u00e1 Th\u1ebf Gi\u1edbi Gi\u1ea3i Tr\u00ed Tr\u1ef1c Tuy\u1ebfn H\u00e0ng \u0110\u1ea7u\" src=\"https:\/\/anonyviet.com\/wp-content\/uploads\/2025\/02\/word-image-80199-2.jpeg\" style=\"max-width: 100%; height: auto; margin:10px auto; display:block\"\/><\/div>\n<p>Vin777 n\u1ed5i b\u1eadt v\u1edbi kho tr\u00f2 ch\u01a1i phong ph\u00fa v\u00e0 \u0111a d\u1ea1ng, \u0111\u00e1p \u1ee9ng m\u1ecdi s\u1edf th\u00edch c\u1ee7a ng\u01b0\u1eddi ch\u01a1i. T\u1eeb c\u00e1c tr\u00f2 ch\u01a1i truy\u1ec1n th\u1ed1ng \u0111\u1ebfn nh\u1eefng game hi\u1ec7n \u0111\u1ea1i,  Vin777 \u0111\u00e3 t\u1ea1o ra m\u1ed9t kh\u00f4ng gian gi\u1ea3i tr\u00ed \u0111\u00edch th\u1ef1c cho ng\u01b0\u1eddi d\u00f9ng.  Tuy nhi\u00ean, s\u1ef1 \u0111a d\u1ea1ng c\u1ea7n \u0111i k\u00e8m v\u1edbi ch\u1ea5t l\u01b0\u1ee3ng, \u0111\u1ed9 m\u01b0\u1ee3t m\u00e0 v\u00e0 kh\u1ea3 n\u0103ng c\u1eadp nh\u1eadt th\u01b0\u1eddng xuy\u00ean \u0111\u1ec3 gi\u1eef ch\u00e2n ng\u01b0\u1eddi ch\u01a1i.<\/p>\n<h3> Game B\u00e0i Tr\u1ef1c Tuy\u1ebfn:  S\u1ef1 L\u1ef1a Ch\u1ecdn Kinh \u0110i\u1ec3n<\/h3>\n<p>Casino tr\u1ef1c tuy\u1ebfn lu\u00f4n l\u00e0 m\u1ed9t trong nh\u1eefng \u0111i\u1ec3m nh\u1ea5n thu h\u00fat ng\u01b0\u1eddi ch\u01a1i \u0111\u1ebfn v\u1edbi Vin777.  S\u1ef1 hi\u1ec7n di\u1ec7n c\u1ee7a c\u00e1c game b\u00e0i kinh \u0111i\u1ec3n nh\u01b0 Baccarat, Blackjack, Poker, Roulette\u2026 mang l\u1ea1i tr\u1ea3i nghi\u1ec7m ch\u00e2n th\u1ef1c nh\u01b0 \u0111ang ch\u01a1i t\u1ea1i s\u00f2ng b\u00e0i th\u1ef1c t\u1ebf. Tuy nhi\u00ean \u0111\u1ec3 ho\u00e0n thi\u1ec7n h\u01a1n, Vin777 c\u1ea7n ch\u00fa tr\u1ecdng \u0111\u1ebfn ch\u1ea5t l\u01b0\u1ee3ng giao di\u1ec7n, \u00e2m thanh, v\u00e0 tr\u1ea3i nghi\u1ec7m t\u1ed5ng th\u1ec3.  Vi\u1ec7c h\u1ee3p t\u00e1c v\u1edbi c\u00e1c nh\u00e0 cung c\u1ea5p game uy t\u00edn, \u0111\u1ea3m b\u1ea3o t\u00ednh c\u00f4ng b\u1eb1ng v\u00e0 minh b\u1ea1ch trong k\u1ebft qu\u1ea3 tr\u00f2 ch\u01a1i l\u00e0 \u0111i\u1ec1u r\u1ea5t quan tr\u1ecdng.  S\u1ef1 \u0111a d\u1ea1ng trong phi\u00ean b\u1ea3n game, c\u00e1c m\u1ee9c c\u01b0\u1ee3c kh\u00e1c nhau, c\u0169ng nh\u01b0 t\u00ednh n\u0103ng livestream ch\u1ea5t l\u01b0\u1ee3ng cao s\u1ebd gi\u00fap n\u00e2ng cao s\u1ee9c h\u00fat c\u1ee7a c\u00e1c tr\u00f2 ch\u01a1i n\u00e0y.<\/p>\n<h3> Slot Game: Th\u1ebf Gi\u1edbi Gi\u1ea3i Tr\u00ed V\u00f4 T\u1eadn<\/h3>\n<p>Slot game lu\u00f4n thu h\u00fat \u0111\u01b0\u1ee3c s\u1ef1 quan t\u00e2m l\u1edbn c\u1ee7a c\u00e1c game th\u1ee7 b\u1edfi s\u1ef1 \u0111\u01a1n gi\u1ea3n, d\u1ec5 ch\u01a1i v\u00e0 c\u01a1 h\u1ed9i tr\u00fang th\u01b0\u1edfng cao.  Vin777 c\u1ea7n ti\u1ebfp t\u1ee5c c\u1eadp nh\u1eadt nh\u1eefng t\u1ef1a game slot m\u1edbi, h\u1ea5p d\u1eabn, v\u1edbi \u0111\u1ed3 h\u1ecda \u0111\u1eb9p m\u1eaft v\u00e0 hi\u1ec7u \u1ee9ng \u00e2m thanh s\u1ed1ng \u0111\u1ed9ng.  Song song v\u1edbi vi\u1ec7c b\u1ed5 sung c\u00e1c tr\u00f2 ch\u01a1i m\u1edbi, vi\u1ec7c \u0111\u1ea3m b\u1ea3o ch\u1ea5t l\u01b0\u1ee3ng v\u00e0 s\u1ef1 \u1ed5n \u0111\u1ecbnh c\u1ee7a c\u00e1c game slot hi\u1ec7n c\u00f3 c\u0169ng c\u1ea7n \u0111\u01b0\u1ee3c \u01b0u ti\u00ean.  Vi\u1ec7c t\u1ed1i \u01b0u h\u00f3a t\u1ed1c \u0111\u1ed9 t\u1ea3i game, gi\u1ea3m thi\u1ec3u l\u1ed7i gi\u1eadt, lag s\u1ebd mang l\u1ea1i tr\u1ea3i nghi\u1ec7m ch\u01a1i game t\u1ed1t h\u01a1n cho ng\u01b0\u1eddi d\u00f9ng v\u00e0 t\u0103ng t\u00ednh c\u1ea1nh tranh so v\u1edbi c\u00e1c \u0111\u1ed1i th\u1ee7 kh\u00e1c.  Ngo\u00e0i ra, vi\u1ec7c cung c\u1ea5p th\u00f4ng tin chi ti\u1ebft v\u1ec1 t\u1ef7 l\u1ec7 tr\u1ea3 th\u01b0\u1edfng c\u1ee7a t\u1eebng game slot c\u0169ng c\u1ea7n \u0111\u01b0\u1ee3c ch\u00fa tr\u1ecdng \u0111\u1ec3 \u0111\u1ea3m b\u1ea3o t\u00ednh minh b\u1ea1ch v\u00e0 c\u00f4ng b\u1eb1ng.<\/p>\n<h3> Mini Game:  S\u1ef1 K\u1ebft H\u1ee3p \u0110\u1ed9c \u0110\u00e1o<\/h3>\n<p>Mini game l\u00e0 m\u1ed9t \u0111i\u1ec3m nh\u1ea5n th\u00fa v\u1ecb c\u1ee7a Vin777, thu h\u00fat ng\u01b0\u1eddi ch\u01a1i b\u1edfi s\u1ef1 \u0111\u01a1n gi\u1ea3n, g\u1ecdn nh\u1eb9 v\u00e0 nhanh ch\u00f3ng.  Vi\u1ec7c \u0111a d\u1ea1ng h\u00f3a c\u00e1c lo\u1ea1i mini game, t\u1eeb c\u00e1c tr\u00f2 ch\u01a1i truy\u1ec1n th\u1ed1ng \u0111\u1ebfn c\u00e1c game hi\u1ec7n \u0111\u1ea1i, l\u00e0 \u0111i\u1ec1u c\u1ea7n thi\u1ebft \u0111\u1ec3 \u0111\u00e1p \u1ee9ng m\u1ecdi nhu c\u1ea7u c\u1ee7a ng\u01b0\u1eddi d\u00f9ng.  Vin777 n\u00ean nghi\u00ean c\u1ee9u v\u00e0 ph\u00e1t tri\u1ec3n nh\u1eefng mini game \u0111\u1ed9c \u0111\u00e1o, mang b\u1ea3n s\u1eafc ri\u00eang \u0111\u1ec3 kh\u1eb3ng \u0111\u1ecbnh s\u1ef1 kh\u00e1c bi\u1ec7t v\u1edbi c\u00e1c \u0111\u1ed1i th\u1ee7 c\u1ea1nh tranh.  \u0110\u1ed3ng th\u1eddi, vi\u1ec7c c\u1eadp nh\u1eadt th\u01b0\u1eddng xuy\u00ean c\u00e1c mini game m\u1edbi, v\u1edbi ph\u1ea7n th\u01b0\u1edfng h\u1ea5p d\u1eabn, s\u1ebd gi\u00fap ng\u01b0\u1eddi ch\u01a1i lu\u00f4n c\u00f3 c\u1ea3m gi\u00e1c m\u1edbi m\u1ebb v\u00e0 h\u00e0o h\u1ee9ng.<\/p>\n<h2> \u01afu \u0110\u00e3i v\u00e0 Khuy\u1ebfn M\u00e3i &#8211;  Chi\u1ebfn L\u01b0\u1ee3c Thu H\u00fat Kh\u00e1ch H\u00e0ng<\/h2>\n<div class=\"postImages\"><img decoding=\"async\" alt=\"Vin777 Kh\u00e1m Ph\u00e1 Th\u1ebf Gi\u1edbi Gi\u1ea3i Tr\u00ed Tr\u1ef1c Tuy\u1ebfn H\u00e0ng \u0110\u1ea7u\" src=\"https:\/\/doorkeeper.jp\/rails\/active_storage\/representations\/proxy\/eyJfcmFpbHMiOnsibWVzc2FnZSI6IkJBaHBBNGFXQmc9PSIsImV4cCI6bnVsbCwicHVyIjoiYmxvYl9pZCJ9fQ==--ffce88d60688186d91d42dcaf94226090db1c850\/eyJfcmFpbHMiOnsibWVzc2FnZSI6IkJBaDdCem9MWm05eWJXRjBTU0lJYW5CbkJqb0dSVlE2RTNKbGMybDZaVjloYm1SZmNHRmtXd2RwQWNocEFjZz0iLCJleHAiOm51bGwsInB1ciI6InZhcmlhdGlvbiJ9fQ==--ed21893bc3f6dbb42a45b555f9878f5434977670\/vin777-fifaworldcup2022-football.jpg\" style=\"max-width: 100%; height: auto; margin:10px auto; display:block\"\/><\/div>\n<p>Ch\u00ednh s\u00e1ch \u01b0u \u0111\u00e3i v\u00e0 khuy\u1ebfn m\u00e3i l\u00e0 m\u1ed9t ph\u1ea7n r\u1ea5t quan tr\u1ecdng trong chi\u1ebfn l\u01b0\u1ee3c thu h\u00fat v\u00e0 gi\u1eef ch\u00e2n kh\u00e1ch h\u00e0ng c\u1ee7a Vin777.  Nh\u1eefng ch\u01b0\u01a1ng tr\u00ecnh khuy\u1ebfn m\u00e3i h\u1ea5p d\u1eabn s\u1ebd thu h\u00fat ng\u01b0\u1eddi ch\u01a1i m\u1edbi v\u00e0 t\u1ea1o \u0111\u1ed9ng l\u1ef1c cho ng\u01b0\u1eddi ch\u01a1i c\u0169 ti\u1ebfp t\u1ee5c tr\u1ea3i nghi\u1ec7m.<\/p>\n<h3> Ch\u01b0\u01a1ng Tr\u00ecnh Khuy\u1ebfn M\u00e3i \u0110a D\u1ea1ng<\/h3>\n<p>Vin777 c\u1ea7n \u0111a d\u1ea1ng h\u00f3a c\u00e1c ch\u01b0\u01a1ng tr\u00ecnh khuy\u1ebfn m\u00e3i, bao g\u1ed3m c\u1ea3 khuy\u1ebfn m\u00e3i ch\u00e0o m\u1eebng th\u00e0nh vi\u00ean m\u1edbi, khuy\u1ebfn m\u00e3i n\u1ea1p ti\u1ec1n, khuy\u1ebfn m\u00e3i ho\u00e0n tr\u1ea3, v\u00e0 c\u00e1c s\u1ef1 ki\u1ec7n khuy\u1ebfn m\u00e3i theo m\u00f9a.  M\u1ed7i ch\u01b0\u01a1ng tr\u00ecnh  c\u1ea7n \u0111\u01b0\u1ee3c thi\u1ebft k\u1ebf  c\u1ea9n th\u1eadn, r\u00f5 r\u00e0ng v\u1ec1 \u0111i\u1ec1u ki\u1ec7n tham gia v\u00e0 gi\u1ea3i th\u01b0\u1edfng \u0111\u1ec3 ng\u01b0\u1eddi ch\u01a1i d\u1ec5 d\u00e0ng hi\u1ec3u v\u00e0 tham gia.  Vi\u1ec7c c\u1eadp nh\u1eadt th\u01b0\u1eddng xuy\u00ean c\u00e1c ch\u01b0\u01a1ng tr\u00ecnh khuy\u1ebfn m\u00e3i m\u1edbi s\u1ebd lu\u00f4n gi\u1eef \u0111\u01b0\u1ee3c s\u1ef1 h\u00e1o h\u1ee9c cho ng\u01b0\u1eddi ch\u01a1i.<\/p>\n<h3> Ch\u01b0\u01a1ng Tr\u00ecnh VIP v\u00e0 Th\u01b0\u1edfng Th\u01b0\u1eddng Xuy\u00ean<\/h3>\n<p>Vi\u1ec7c x\u00e2y d\u1ef1ng m\u1ed9t ch\u01b0\u01a1ng tr\u00ecnh VIP v\u1edbi nhi\u1ec1u c\u1ea5p \u0111\u1ed9 \u01b0u \u0111\u00e3i kh\u00e1c nhau s\u1ebd gi\u00fap Vin777 ghi nh\u1eadn v\u00e0 t\u01b0\u1edfng th\u01b0\u1edfng nh\u1eefng ng\u01b0\u1eddi ch\u01a1i trung th\u00e0nh.  V\u1edbi m\u1ed7i c\u1ea5p \u0111\u1ed9 VIP, ng\u01b0\u1eddi ch\u01a1i s\u1ebd \u0111\u01b0\u1ee3c h\u01b0\u1edfng nh\u1eefng \u0111\u1eb7c quy\u1ec1n ri\u00eang bi\u1ec7t, nh\u01b0 t\u1ef7 l\u1ec7 ho\u00e0n tr\u1ea3 cao h\u01a1n, h\u1ed7 tr\u1ee3 kh\u00e1ch h\u00e0ng ri\u00eang bi\u1ec7t,  v\u00e0 nh\u1eefng ph\u1ea7n th\u01b0\u1edfng gi\u00e1 tr\u1ecb kh\u00e1c.  Vi\u1ec7c  cung c\u1ea5p c\u00e1c ph\u1ea7n th\u01b0\u1edfng th\u01b0\u1eddng xuy\u00ean c\u0169ng s\u1ebd khuy\u1ebfn kh\u00edch ng\u01b0\u1eddi ch\u01a1i tham gia t\u00edch c\u1ef1c h\u01a1n. Ch\u1eb3ng h\u1ea1n nh\u01b0 t\u1eb7ng th\u01b0\u1edfng \u0111i\u1ec3m th\u01b0\u1edfng, v\u00f2ng quay mi\u1ec5n ph\u00ed trong c\u00e1c d\u1ecbp l\u1ec5 t\u1ebft, ho\u1eb7c ph\u00e1t giftcode \u0111\u1ecbnh k\u1ef3.<\/p>\n<h3> T\u1ed1i \u01afu H\u00f3a Qu\u00e1 Tr\u00ecnh R\u00fat Ti\u1ec1n V\u00e0 N\u1ea1p Ti\u1ec1n<\/h3>\n<p>Vi\u1ec7c r\u00fat v\u00e0 n\u1ea1p ti\u1ec1n c\u1ea7n \u0111\u01b0\u1ee3c t\u1ed1i \u01b0u h\u00f3a \u0111\u1ec3 \u0111\u1ea3m b\u1ea3o t\u1ed1c \u0111\u1ed9 x\u1eed l\u00fd nhanh ch\u00f3ng, thu\u1eadn ti\u1ec7n cho ng\u01b0\u1eddi ch\u01a1i.  Vin777 n\u00ean \u0111a d\u1ea1ng h\u00f3a c\u00e1c h\u00ecnh th\u1ee9c thanh to\u00e1n, h\u1ed7 tr\u1ee3 nhi\u1ec1u ng\u00e2n h\u00e0ng v\u00e0 v\u00ed \u0111i\u1ec7n t\u1eed ph\u1ed5 bi\u1ebfn.  Vi\u1ec7c minh b\u1ea1ch trong qu\u00e1 tr\u00ecnh giao d\u1ecbch t\u00e0i ch\u00ednh v\u00e0 \u0111\u1ea3m b\u1ea3o an to\u00e0n cho th\u00f4ng tin t\u00e0i kho\u1ea3n c\u1ee7a ng\u01b0\u1eddi ch\u01a1i s\u1ebd t\u1ea1o \u0111\u01b0\u1ee3c thi\u1ec7n c\u1ea3m v\u00e0 l\u00f2ng tin v\u1edbi ng\u01b0\u1eddi d\u00f9ng.<\/p>\n<h2> K\u1ebft lu\u1eadn<\/h2>\n<div class=\"postImages\"><img decoding=\"async\" alt=\"Vin777 Kh\u00e1m Ph\u00e1 Th\u1ebf Gi\u1edbi Gi\u1ea3i Tr\u00ed Tr\u1ef1c Tuy\u1ebfn H\u00e0ng \u0110\u1ea7u\" src=\"https:\/\/live.staticflickr.com\/65535\/53190980323_dd0a786424_z.jpg\" style=\"max-width: 100%; height: auto; margin:10px auto; display:block\"\/><\/div>\n<div class=\"postImages\"><img decoding=\"async\" alt=\"Vin777 Kh\u00e1m Ph\u00e1 Th\u1ebf Gi\u1edbi Gi\u1ea3i Tr\u00ed Tr\u1ef1c Tuy\u1ebfn H\u00e0ng \u0110\u1ea7u\" src=\"https:\/\/v1.tudienngonngukyhieu.com\/uploads\/tinymce\/1721455501-Cach-choi-Xoc-dia-vin777.jpg\" style=\"max-width: 100%; height: auto; margin:10px auto; display:block\"\/><\/div>\n<p>T\u00f3m l\u1ea1i, Vin777 s\u1edf h\u1eefu ti\u1ec1m n\u0103ng l\u1edbn \u0111\u1ec3 tr\u1edf th\u00e0nh m\u1ed9t trong nh\u1eefng n\u1ec1n t\u1ea3ng gi\u1ea3i tr\u00ed tr\u1ef1c tuy\u1ebfn h\u00e0ng \u0111\u1ea7u t\u1ea1i Vi\u1ec7t Nam.  Tuy nhi\u00ean, \u0111\u1ec3 \u0111\u1ea1t \u0111\u01b0\u1ee3c m\u1ee5c ti\u00eau n\u00e0y, Vin777 c\u1ea7n kh\u00f4ng ng\u1eebng c\u1ea3i thi\u1ec7n ch\u1ea5t l\u01b0\u1ee3ng d\u1ecbch v\u1ee5, \u0111a d\u1ea1ng h\u00f3a s\u1ea3n ph\u1ea9m, v\u00e0 \u0111\u1eb7c bi\u1ec7t l\u00e0 ch\u00fa tr\u1ecdng \u0111\u1ebfn tr\u1ea3i nghi\u1ec7m ng\u01b0\u1eddi d\u00f9ng.  Vi\u1ec7c \u0111\u1ea7u t\u01b0 v\u00e0o h\u1ec7 th\u1ed1ng b\u1ea3o m\u1eadt, n\u00e2ng cao ch\u1ea5t l\u01b0\u1ee3ng d\u1ecbch v\u1ee5 kh\u00e1ch h\u00e0ng, v\u00e0 thi\u1ebft k\u1ebf c\u00e1c ch\u01b0\u01a1ng tr\u00ecnh khuy\u1ebfn m\u00e3i h\u1ea5p d\u1eabn s\u1ebd l\u00e0 ch\u00eca kh\u00f3a gi\u00fap Vin777 chinh ph\u1ee5c th\u1ecb tr\u01b0\u1eddng v\u00e0 gi\u1eef v\u1eefng v\u1ecb th\u1ebf c\u1ee7a m\u00ecnh trong t\u01b0\u01a1ng lai.  S\u1ef1 th\u00e0nh c\u00f4ng c\u1ee7a Vin777 kh\u00f4ng ch\u1ec9 ph\u1ee5 thu\u1ed9c v\u00e0o y\u1ebfu t\u1ed1 k\u1ef9 thu\u1eadt m\u00e0 c\u00f2n ph\u1ee5 thu\u1ed9c v\u00e0o kh\u1ea3 n\u0103ng th\u1ea5u hi\u1ec3u v\u00e0 \u0111\u00e1p \u1ee9ng nhu c\u1ea7u c\u1ee7a ng\u01b0\u1eddi ch\u01a1i.<\/p>\n<div class=\"seoAddText\">\n<p>xem th\u00eam: <span style=\"font-family:lucida sans unicode,lucida grande,sans-serif;color: rgb(224, 62, 45);\"><em><strong><a href=\"https:\/\/vin777-vn.co\/casino-vin777\/\" style=\"color: rgb(224, 62, 45);\"><span data-sheets-root=\"1\">Casino Vin777<\/span><\/a><\/strong><\/em><\/span><\/p>\n<\/div>\n<p style='text-align: center;font-size: 8px;font-weight: 600;display: flex;justify-content: center;color: blueviolet;'>POSTER SEO_TELEGRAM #11112025<\/p>\n","protected":false},"excerpt":{"rendered":"<p>Vin777 \u0111ang n\u1ed5i l\u00ean nh\u01b0 m\u1ed9t hi\u1ec7n t\u01b0\u1ee3ng trong l\u00e0ng gi\u1ea3i tr\u00ed tr\u1ef1c tuy\u1ebfn t\u1ea1i Vi\u1ec7t Nam. V\u1edbi giao di\u1ec7n hi\u1ec7n \u0111\u1ea1i, kho tr\u00f2 ch\u01a1i \u0111a d\u1ea1ng v\u00e0 nh\u1eefng \u01b0u \u0111\u00e3i h\u1ea5p d\u1eabn, Vin777 thu h\u00fat h\u00e0ng tri\u1ec7u ng\u01b0\u1eddi ch\u01a1i m\u1ed7i ng\u00e0y. B\u00e0i vi\u1ebft n\u00e0y s\u1ebd \u0111i s\u00e2u ph\u00e2n t\u00edch nh\u1eefng y\u1ebfu t\u1ed1 t\u1ea1o n\u00ean [&hellip;]<\/p>\n","protected":false},"author":2,"featured_media":0,"parent":0,"menu_order":0,"comment_status":"closed","ping_status":"open","template":"","meta":{"footnotes":""},"_links":{"self":[{"href":"https:\/\/jeremy-ayers-work.colibriwp.com\/my-awesome-site-5\/wp-json\/wp\/v2\/pages\/1707"}],"collection":[{"href":"https:\/\/jeremy-ayers-work.colibriwp.com\/my-awesome-site-5\/wp-json\/wp\/v2\/pages"}],"about":[{"href":"https:\/\/jeremy-ayers-work.colibriwp.com\/my-awesome-site-5\/wp-json\/wp\/v2\/types\/page"}],"author":[{"embeddable":true,"href":"https:\/\/jeremy-ayers-work.colibriwp.com\/my-awesome-site-5\/wp-json\/wp\/v2\/users\/2"}],"replies":[{"embeddable":true,"href":"https:\/\/jeremy-ayers-work.colibriwp.com\/my-awesome-site-5\/wp-json\/wp\/v2\/comments?post=1707"}],"version-history":[{"count":0,"href":"https:\/\/jeremy-ayers-work.colibriwp.com\/my-awesome-site-5\/wp-json\/wp\/v2\/pages\/1707\/revisions"}],"wp:attachment":[{"href":"https:\/\/jeremy-ayers-work.colibriwp.com\/my-awesome-site-5\/wp-json\/wp\/v2\/media?parent=1707"}],"curies":[{"name":"wp","href":"https:\/\/api.w.org\/{rel}","templated":true}]}}